{"id":769,"date":"2016-12-14T04:39:58","date_gmt":"2016-12-14T04:39:58","guid":{"rendered":"http:\/\/poulin-design.dk\/?page_id=769"},"modified":"2017-02-03T14:11:27","modified_gmt":"2017-02-03T14:11:27","slug":"presse-katalog","status":"publish","type":"page","link":"https:\/\/poulin-design.dk\/de\/presse-katalog\/","title":{"rendered":"Presse \/ katalog"},"content":{"rendered":"<p>[vc_row][vc_column width=&#8220;1\/2&#8243;][vc_column_text]<\/p>\n<h2>Presse<\/h2>\n<p>[\/vc_column_text][vc_column_text]Das franz\u00f6sische Magazin ELLE DECORATION ver\u00f6ffentlichte im Dezember 2014 einen vierseitigen Artikel \u00fcber den weltber\u00fchmten Designer Philippe Starck. Wie aus dem Artikel hervorgeht, sch\u00e4tzt er die Jules Pansu-Kissen mit Mir\u00f3 und Picasso sehr.<\/p>\n<p>&nbsp;<\/p>\n<p>Klicken Sie auf das Bild, um den Artikel hier zu lesen:<\/p>\n<p><a href=\"http:\/\/poulin-design.dk\/wp-content\/uploads\/2015\/02\/elle.pdf\"><img decoding=\"async\" class=\"alignleft size-full wp-image-503 lazyload\" data-src=\"http:\/\/poulin-design.dk\/wp-content\/uploads\/2015\/02\/elle.jpg\" alt=\"elle\" width=\"450\" height=\"636\" data-srcset=\"https:\/\/poulin-design.dk\/wp-content\/uploads\/2015\/02\/elle.jpg 450w, https:\/\/poulin-design.dk\/wp-content\/uploads\/2015\/02\/elle-212x300.jpg 212w\" data-sizes=\"auto, (max-width: 450px) 100vw, 450px\" src=\"data:image\/svg+xml;base64,PHN2ZyB3aWR0aD0iMSIgaGVpZ2h0PSIxIiB4bWxucz0iaHR0cDovL3d3dy53My5vcmcvMjAwMC9zdmciPjwvc3ZnPg==\" style=\"--smush-placeholder-width: 450px; --smush-placeholder-aspect-ratio: 450\/636;\" \/><\/a>[\/vc_column_text][\/vc_column][vc_column width=&#8220;1\/2&#8243;][vc_column_text]<\/p>\n<h2>Katalog<\/h2>\n<p>[\/vc_column_text][vc_column_text]Unten k\u00f6nnen Sie unseren Katalog herunterladen. Sie k\u00f6nnen den Katalog auf Ihrem iPhone und iPad in iBooks speichern:<\/p>\n<p><a href=\"http:\/\/poulin-design.dk\/Poulin-katalog.pdf\" target=\"_blank\">Katalog herunterladen<\/a>[\/vc_column_text][vc_single_image image=&#8220;700&#8243; img_size=&#8220;full&#8220; onclick=&#8220;custom_link&#8220; link=&#8220;http:\/\/poulin-design.dk\/Poulin-katalog.pdf&#8220;][vc_column_text]<\/p>\n<h2>Katalog 2017<\/h2>\n<p>[\/vc_column_text][vc_single_image image=&#8220;1457&#8243; img_size=&#8220;full&#8220; onclick=&#8220;custom_link&#8220; link=&#8220;http:\/\/poulin-design.dk\/JANUARY-2017-CATALOG.pdf&#8220;][\/vc_column][\/vc_row]<\/p>\n","protected":false},"excerpt":{"rendered":"<p>[vc_row][vc_column width=&#8220;1\/2&#8243;][vc_column_text] Presse [\/vc_column_text][vc_column_text]Das franz\u00f6sische Magazin ELLE DECORATION ver\u00f6ffentlichte im Dezember 2014 einen vierseitigen Artikel \u00fcber den weltber\u00fchmten Designer Philippe Starck. Wie aus dem Artikel hervorgeht, sch\u00e4tzt er die Jules Pansu-Kissen mit Mir\u00f3 und Picasso sehr. &nbsp; Klicken Sie auf das Bild, um den Artikel hier zu lesen: [\/vc_column_text][\/vc_column][vc_column width=&#8220;1\/2&#8243;][vc_column_text] Katalog [\/vc_column_text][vc_column_text]Unten k\u00f6nnen Sie unseren [&hellip;]<\/p>\n","protected":false},"author":1,"featured_media":0,"parent":0,"menu_order":0,"comment_status":"closed","ping_status":"closed","template":"","meta":{"_acf_changed":false,"footnotes":""},"class_list":["post-769","page","type-page","status-publish","hentry"],"blocksy_meta":{"styles_descriptor":{"styles":{"desktop":"","tablet":"","mobile":""},"google_fonts":[],"version":6}},"acf":[],"brizy_media":[],"_links":{"self":[{"href":"https:\/\/poulin-design.dk\/de\/wp-json\/wp\/v2\/pages\/769","targetHints":{"allow":["GET"]}}],"collection":[{"href":"https:\/\/poulin-design.dk\/de\/wp-json\/wp\/v2\/pages"}],"about":[{"href":"https:\/\/poulin-design.dk\/de\/wp-json\/wp\/v2\/types\/page"}],"author":[{"embeddable":true,"href":"https:\/\/poulin-design.dk\/de\/wp-json\/wp\/v2\/users\/1"}],"replies":[{"embeddable":true,"href":"https:\/\/poulin-design.dk\/de\/wp-json\/wp\/v2\/comments?post=769"}],"version-history":[{"count":0,"href":"https:\/\/poulin-design.dk\/de\/wp-json\/wp\/v2\/pages\/769\/revisions"}],"wp:attachment":[{"href":"https:\/\/poulin-design.dk\/de\/wp-json\/wp\/v2\/media?parent=769"}],"curies":[{"name":"wp","href":"https:\/\/api.w.org\/{rel}","templated":true}]}}