{"id":773,"date":"2016-12-14T04:56:29","date_gmt":"2016-12-14T04:56:29","guid":{"rendered":"http:\/\/poulin-design.dk\/?page_id=773"},"modified":"2018-01-10T06:58:12","modified_gmt":"2018-01-10T06:58:12","slug":"forhandlere","status":"publish","type":"page","link":"https:\/\/poulin-design.dk\/de\/forhandlere\/","title":{"rendered":"Forhandlere"},"content":{"rendered":"<p>[vc_row][vc_column][vc_column_text]<\/p>\n<h1>H\u00e4ndler<\/h1>\n<p>Unten sehen Sie unsere s\u00e4mtlichen H\u00e4ndler:[\/vc_column_text][\/vc_column][\/vc_row][vc_row][vc_column width=&#8220;1\/3&#8243;][vc_single_image image=&#8220;2067&#8243; img_size=&#8220;full&#8220; css=&#8220;.vc_custom_1515567481673{margin-bottom: 10px !important;}&#8220;][vc_column_text]<span style=\"color: #000000;\"><b>Das\u00a0Einrichtungshaus Bens S\u00f8rensen<\/b><\/span><br \/>\nZollernstrasse 10<br \/>\n78462 Konstanz am Bodensee<br \/>\nTyskland<br \/>\nTlf:\u00a0+49-(0)75 31 &#8211; 29 000[\/vc_column_text][\/vc_column][vc_column width=&#8220;1\/3&#8243;][\/vc_column][vc_column width=&#8220;1\/3&#8243;][\/vc_column][\/vc_row]<\/p>\n","protected":false},"excerpt":{"rendered":"<p>[vc_row][vc_column][vc_column_text] H\u00e4ndler Unten sehen Sie unsere s\u00e4mtlichen H\u00e4ndler:[\/vc_column_text][\/vc_column][\/vc_row][vc_row][vc_column width=&#8220;1\/3&#8243;][vc_single_image image=&#8220;2067&#8243; img_size=&#8220;full&#8220; css=&#8220;.vc_custom_1515567481673{margin-bottom: 10px !important;}&#8220;][vc_column_text]Das\u00a0Einrichtungshaus Bens S\u00f8rensen Zollernstrasse 10 78462 Konstanz am Bodensee Tyskland Tlf:\u00a0+49-(0)75 31 &#8211; 29 000[\/vc_column_text][\/vc_column][vc_column width=&#8220;1\/3&#8243;][\/vc_column][vc_column width=&#8220;1\/3&#8243;][\/vc_column][\/vc_row]<\/p>\n","protected":false},"author":1,"featured_media":0,"parent":0,"menu_order":0,"comment_status":"closed","ping_status":"closed","template":"","meta":{"_acf_changed":false,"footnotes":""},"class_list":["post-773","page","type-page","status-publish","hentry"],"blocksy_meta":{"styles_descriptor":{"styles":{"desktop":"","tablet":"","mobile":""},"google_fonts":[],"version":6}},"acf":[],"brizy_media":[],"_links":{"self":[{"href":"https:\/\/poulin-design.dk\/de\/wp-json\/wp\/v2\/pages\/773","targetHints":{"allow":["GET"]}}],"collection":[{"href":"https:\/\/poulin-design.dk\/de\/wp-json\/wp\/v2\/pages"}],"about":[{"href":"https:\/\/poulin-design.dk\/de\/wp-json\/wp\/v2\/types\/page"}],"author":[{"embeddable":true,"href":"https:\/\/poulin-design.dk\/de\/wp-json\/wp\/v2\/users\/1"}],"replies":[{"embeddable":true,"href":"https:\/\/poulin-design.dk\/de\/wp-json\/wp\/v2\/comments?post=773"}],"version-history":[{"count":0,"href":"https:\/\/poulin-design.dk\/de\/wp-json\/wp\/v2\/pages\/773\/revisions"}],"wp:attachment":[{"href":"https:\/\/poulin-design.dk\/de\/wp-json\/wp\/v2\/media?parent=773"}],"curies":[{"name":"wp","href":"https:\/\/api.w.org\/{rel}","templated":true}]}}