{"id":800,"date":"2016-12-14T05:20:31","date_gmt":"2016-12-14T05:20:31","guid":{"rendered":"http:\/\/poulin-design.dk\/?page_id=800"},"modified":"2016-12-14T05:20:31","modified_gmt":"2016-12-14T05:20:31","slug":"handelsbetingelser","status":"publish","type":"page","link":"https:\/\/poulin-design.dk\/de\/handelsbetingelser\/","title":{"rendered":"Handelsbetingelser"},"content":{"rendered":"<p>[vc_row][vc_column][vc_column_text]<strong>Allgemeine Angaben<br \/>\n<\/strong><\/p>\n<p>Poulin Holding ApS<br \/>\nFjordvej 106<br \/>\nDK-6000 Kolding<br \/>\nUSt-IdNr.: 15483105<br \/>\nE-Mail-Adresse: jorn.poulin@live.dk<br \/>\nTelefonnummer: +45 4051 4886<br \/>\nGr\u00fcndungsdatum: 01.10 1991<\/p>\n<p><strong>Zahlung<br \/>\n<\/strong>Die Zahlung ist m\u00f6glich mit: Visa, Mastercard, Maestro und Mobile Pay<\/p>\n<p><strong>Lieferung<br \/>\n<\/strong>Lieferzeit f\u00fcr die Ware \u2013 Lieferung am Folgetag bei allen Lagerwaren. Kostenlose Lieferung aller Bestellungen.<\/p>\n<p><strong>Wenn Sie Ihren Kauf r\u00fcckg\u00e4ngig machen m\u00f6chten (Widerrufsrecht)<\/strong><\/p>\n<p>Wenn Sie bei uns Waren kaufen, haben Sie eine 14-t\u00e4gige Widerrufsfrist. Die Widerrufsfrist l\u00e4uft 14 Tage nach dem Tag ab, an dem Sie Ihre Waren erhalten haben. Innerhalb von 14 Tagen ab dem Empfang m\u00fcssen Sie uns mitteilen, dass Sie Ihren Kauf r\u00fcckg\u00e4ngig machen m\u00f6chten. Bitte senden Sie die Mitteilung in einer E-Mail an: jorn.poulin@live.dk. In Ihrer Mitteilung m\u00fcssen Sie deutlich darauf aufmerksam machen, dass Sie von Ihrem Widerrufsrecht Gebrauch machen m\u00f6chten.<\/p>\n<p>Sie k\u00f6nnen von Ihrem Widerrufsrecht nicht Gebrach machen, indem Sie die Annahme der Ware verweigern, ohne uns gleichzeitig deutlich dar\u00fcber zu informieren.<\/p>\n<p><strong>R\u00fccksendung<br \/>\n<\/strong>Sie m\u00fcssen uns Ihren Auftrag ohne unangemessene Verz\u00f6gerung, sp\u00e4testens 14 Tage nach Ihrer Mitteilung, dass Sie Ihren Kauf widerrufen m\u00f6chten, zur\u00fcckschicken. Sie m\u00fcssen die direkten Ausgaben im Zusammenhang mit der R\u00fccklieferung der Ware tragen. Bei der R\u00fccksendung sind Sie daf\u00fcr verantwortlich, dass die Ware angemessen verpackt ist. Sie tragen ab dem Zeitpunkt der Lieferung der Ware das Risiko f\u00fcr die Ware. Es wird davon ausgegangen, dass sich die Ausgaben f\u00fcr die R\u00fccksendung h\u00f6chstens auf ca. 100 DKK belaufen werden.<\/p>\n<p><strong>Verlust Ihres Widerrufsrechts<br \/>\n<\/strong>Sie haften nur f\u00fcr eine eventuelle Verringerung des Warenwertes, die auf eine Nutzung zur\u00fcckzuf\u00fchren ist, die von der Ermittlung abweicht, was f\u00fcr den Typ, die Eigenschaften und die Funktionsweise der Ware notwendig ist. Mit anderen Worten: Sie k\u00f6nnen die Ware auf die gleiche Art und Weise ausprobieren, wie Sie es in einem eigentlichen Gesch\u00e4ft tun w\u00fcrden.<\/p>\n<p>Wurde die Ware in einem Umfang ausprobiert, der \u00fcber die oben stehende Beschreibung hinausgeht, betrachten wir sie als gebraucht, was bedeutet, dass Ihnen bei einem Widerruf des Kaufs nur ein Teil oder nichts vom Kaufbetrag zur\u00fcckerstattet wird, je nach dem Handelswert der Ware. Um den gesamten Kaufbetrag zur\u00fcckerstattet zu bekommen, m\u00fcssen Sie dasselbe tun, das Sie auch in einem eigentlichen Gesch\u00e4ft tun k\u00f6nnen. Sie d\u00fcrfen die Ware ausprobieren, aber sie nicht in Gebrauch nehmen.<\/p>\n<p><strong>R\u00fcckzahlung des Kaufbetrags<br \/>\n<\/strong>Wenn Sie Ihren Kauf r\u00fcckg\u00e4ngig machen m\u00f6chten, erhalten Sie selbstverst\u00e4ndlich den Betrag zur\u00fcck, den Sie an uns eingezahlt haben. Im Falle einer Wertminderung, f\u00fcr die Sie haften, wird dieser vom Kaufbetrag abgezogen. Wenn Sie von Ihrem Widerrufsrecht Gebrauch machen, werden wir Ihnen ohne unn\u00f6tige Verz\u00f6gerung und unter allen Umst\u00e4nden sp\u00e4testens 14 Tage ab dem Tag, an dem wir die Mitteilung \u00fcber Ihren Widerruf dieser Vereinbarung erhalten haben, alle Einzahlungen zur\u00fcckerstatten, die wir von Ihnen erhalten haben. Wir f\u00fchren eine solche R\u00fcckzahlung mit dem gleichen Bezahlungsmittel durch, die Sie bei Ihrer urspr\u00fcnglichen Transaktion genutzt haben, es sei denn, Sie haben ausdr\u00fccklich in etwas eingewilligt.<\/p>\n<p>Wir k\u00f6nnen die R\u00fcckzahlung zur\u00fcckhalten, bis wir die Ware zur\u00fcckerhalten haben, es sei denn, Sie haben bis dahin einen Nachweis f\u00fcr Ihre R\u00fccksendung erbracht.<\/p>\n<p><strong>Wenn Sie Ihren Kauf widerrufen m\u00f6chten, ist die Ware zu senden an:<br \/>\n<\/strong>JMC A\/S<br \/>\nz.H.: Poulin Design<br \/>\nL\u00f8kkensvej 126<br \/>\nDK-9800 Hj\u00f8rring<\/p>\n<p><strong>Was soll ich bei der R\u00fccksendung hinzuf\u00fcgen?<br \/>\n<\/strong>Bitte f\u00fcgen Sie eine Kopie der Auftragsbest\u00e4tigung bei.<\/p>\n<p>Beachten beachten: Wir nehmen keine Pakete an, die gegen Nachnahme verschickt werden.<\/p>\n<p>M\u00e4ngel an der Ware (Reklamationsrecht)<\/p>\n<p>Die Bestimmungen \u00fcber M\u00e4ngel im d\u00e4nischen Kaufgesetz k\u00f6nnen auf Warenk\u00e4ufe Anwendung finden.<\/p>\n<p>Beim Kauf bei poulin-design.dk haben Sie selbstverst\u00e4ndlich ein Reklamationsrecht von 24 Monaten. Das bedeutet, dass Ihre Ware entweder repariert, umgetauscht, das Geld zur\u00fcckerstattet wird oder dass Sie einen Preisnachlass erhalten, abh\u00e4ngig von der konkreten Situation.<\/p>\n<p>Dies setzt nat\u00fcrlich voraus, dass Ihre Reklamation berechtigt und der Mangel nicht infolge eines unkorrekten Gebrauchs des Produkts oder eines sonstigen Schaden verursachenden Verhaltens entstanden ist.<\/p>\n<p><strong>Wie schnell muss meine Reklamation erfolgen?<br \/>\n<\/strong>Sie m\u00fcssen Ihre Reklamation innerhalb einer \u201eangemessenen Zeit\u201c, nachdem Sie den Mangel an der Ware festgestellt haben, schicken. Wenn Ihre Reklamation innerhalb von zwei Monaten nach Feststellung des Mangels erfolgt, ist die Reklamation stets rechtzeitig. Ist die Reklamation berechtigt, so erstatten wir Ihnen Ihre (angemessenen) Frachtkosten selbstverst\u00e4ndlich.<\/p>\n<p>Bitte senden Sie die Ware an:<\/p>\n<p>JMC A\/S<br \/>\nz.H.: Poulin Design<br \/>\nL\u00f8kkensvej 126<br \/>\nDK-9800 Hj\u00f8rring<\/p>\n<p>Bitte geben Sie bei R\u00fccksendung der Ware das Problem so genau wie m\u00f6glich an. Bitte beachten: Wir nehmen keine Pakete an, die gegen Nachnahme o.\u00e4. verschickt werden. Denken Sie bitte daran, dass die Ware stets in einer angemessenen Verpackung zu schicken ist, und lassen Sie sich eine Quittung f\u00fcr Ihren Versand geben, damit wir Ihnen Ihre Frachtkosten zur\u00fcckerstatten k\u00f6nnen.<\/p>\n<p><strong>Wie verfahren wir mit Ihren personenbezogenen Angaben (Personendatenbestimmungen)<br \/>\n<\/strong>Um mit uns eine Vereinbarung treffen zu k\u00f6nnen, ben\u00f6tigen wir folgende Angaben:<br \/>\nName<br \/>\nAdresse<br \/>\nPLZ<br \/>\nOrt<br \/>\nTelefonnummer<br \/>\nE-Mailadresse<br \/>\nWir registrieren Ihre personenbezogenen Angaben zu dem Zweck, Ihnen die Ware liefern zu k\u00f6nnen.<br \/>\nDie pers\u00f6nlichen Angaben werden bei der Poulin Holding ApS gespeichert.<br \/>\nBei der Erhebung personenbezogener Angaben \u00fcber unsere Website stellen wir sicher, dass diese stets unter Angabe Ihrer ausdr\u00fccklichen Zustimmung erfolgt, so dass Sie genau dar\u00fcber informiert sind, welche Angaben erhoben werden und warum.[\/vc_column_text][\/vc_column][\/vc_row]<\/p>\n","protected":false},"excerpt":{"rendered":"<p>[vc_row][vc_column][vc_column_text]Allgemeine Angaben Poulin Holding ApS Fjordvej 106 DK-6000 Kolding USt-IdNr.: 15483105 E-Mail-Adresse: jorn.poulin@live.dk Telefonnummer: +45 4051 4886 Gr\u00fcndungsdatum: 01.10 1991 Zahlung Die Zahlung ist m\u00f6glich mit: Visa, Mastercard, Maestro und Mobile Pay Lieferung Lieferzeit f\u00fcr die Ware \u2013 Lieferung am Folgetag bei allen Lagerwaren. Kostenlose Lieferung aller Bestellungen. Wenn Sie Ihren Kauf r\u00fcckg\u00e4ngig machen m\u00f6chten [&hellip;]<\/p>\n","protected":false},"author":1,"featured_media":0,"parent":0,"menu_order":0,"comment_status":"closed","ping_status":"closed","template":"","meta":{"_acf_changed":false,"footnotes":""},"class_list":["post-800","page","type-page","status-publish","hentry"],"blocksy_meta":{"styles_descriptor":{"styles":{"desktop":"","tablet":"","mobile":""},"google_fonts":[],"version":6}},"acf":[],"brizy_media":[],"_links":{"self":[{"href":"https:\/\/poulin-design.dk\/de\/wp-json\/wp\/v2\/pages\/800","targetHints":{"allow":["GET"]}}],"collection":[{"href":"https:\/\/poulin-design.dk\/de\/wp-json\/wp\/v2\/pages"}],"about":[{"href":"https:\/\/poulin-design.dk\/de\/wp-json\/wp\/v2\/types\/page"}],"author":[{"embeddable":true,"href":"https:\/\/poulin-design.dk\/de\/wp-json\/wp\/v2\/users\/1"}],"replies":[{"embeddable":true,"href":"https:\/\/poulin-design.dk\/de\/wp-json\/wp\/v2\/comments?post=800"}],"version-history":[{"count":0,"href":"https:\/\/poulin-design.dk\/de\/wp-json\/wp\/v2\/pages\/800\/revisions"}],"wp:attachment":[{"href":"https:\/\/poulin-design.dk\/de\/wp-json\/wp\/v2\/media?parent=800"}],"curies":[{"name":"wp","href":"https:\/\/api.w.org\/{rel}","templated":true}]}}