{"id":817,"date":"2016-12-14T07:31:34","date_gmt":"2016-12-14T07:31:34","guid":{"rendered":"http:\/\/poulin-design.dk\/?page_id=817"},"modified":"2017-02-03T14:12:35","modified_gmt":"2017-02-03T14:12:35","slug":"presse-katalog","status":"publish","type":"page","link":"https:\/\/poulin-design.dk\/sv\/presse-katalog\/","title":{"rendered":"Presse \/ katalog"},"content":{"rendered":"<p>[vc_row][vc_column width=&#8221;1\/2&#8243;][vc_column_text]<\/p>\n<h2><strong>Press<\/strong><\/h2>\n<p>[\/vc_column_text][vc_column_text]Det franska magasinet ELLE DECORATION publicerade i december 2014 en fyra sidor l\u00e5ng artikel med den v\u00e4rldsber\u00f6mda designern Philippe Starck.<br \/>\nSom du kan se p\u00e5 bilderna \u00e4r han mycket f\u00f6rtjust i Mir\u00f3- och Picassokuddarna fr\u00e5n Jules Pansu.<\/p>\n<p>Klicka p\u00e5 bilden f\u00f6r att l\u00e4sa artikeln:<\/p>\n<p><a href=\"http:\/\/poulin-design.dk\/wp-content\/uploads\/2015\/02\/elle.pdf\"><img decoding=\"async\" class=\"alignleft size-full wp-image-503 lazyload\" data-src=\"http:\/\/poulin-design.dk\/wp-content\/uploads\/2015\/02\/elle.jpg\" alt=\"elle\" width=\"450\" height=\"636\" data-srcset=\"https:\/\/poulin-design.dk\/wp-content\/uploads\/2015\/02\/elle.jpg 450w, https:\/\/poulin-design.dk\/wp-content\/uploads\/2015\/02\/elle-212x300.jpg 212w\" data-sizes=\"auto, (max-width: 450px) 100vw, 450px\" src=\"data:image\/svg+xml;base64,PHN2ZyB3aWR0aD0iMSIgaGVpZ2h0PSIxIiB4bWxucz0iaHR0cDovL3d3dy53My5vcmcvMjAwMC9zdmciPjwvc3ZnPg==\" style=\"--smush-placeholder-width: 450px; --smush-placeholder-aspect-ratio: 450\/636;\" \/><\/a>[\/vc_column_text][\/vc_column][vc_column width=&#8221;1\/2&#8243;][vc_column_text]<\/p>\n<h2><strong>Katalog<\/strong><\/h2>\n<p>[\/vc_column_text][vc_column_text]Nedan kan du h\u00e4mta v\u00e5r katalog. Du kan spara katalogen i iBooks p\u00e5 iPhone och iPad:<\/p>\n<p><a href=\"http:\/\/poulin-design.dk\/Poulin-katalog.pdf\">Ladda ned katalog:<\/a>[\/vc_column_text][vc_single_image image=&#8221;700&#8243; img_size=&#8221;full&#8221; onclick=&#8221;custom_link&#8221; link=&#8221;http:\/\/poulin-design.dk\/Poulin-katalog.pdf&#8221;][vc_column_text]<\/p>\n<h2><strong>Katalog 2017<\/strong><\/h2>\n<p>[\/vc_column_text][vc_single_image image=&#8221;1458&#8243; img_size=&#8221;full&#8221; onclick=&#8221;custom_link&#8221; link=&#8221;http:\/\/poulin-design.dk\/JANUARY-2017-CATALOG.pdf&#8221;][\/vc_column][\/vc_row]<\/p>\n","protected":false},"excerpt":{"rendered":"<p>[vc_row][vc_column width=&#8221;1\/2&#8243;][vc_column_text] Press [\/vc_column_text][vc_column_text]Det franska magasinet ELLE DECORATION publicerade i december 2014 en fyra sidor l\u00e5ng artikel med den v\u00e4rldsber\u00f6mda designern Philippe Starck. Som du kan se p\u00e5 bilderna \u00e4r han mycket f\u00f6rtjust i Mir\u00f3- och Picassokuddarna fr\u00e5n Jules Pansu. Klicka p\u00e5 bilden f\u00f6r att l\u00e4sa artikeln: [\/vc_column_text][\/vc_column][vc_column width=&#8221;1\/2&#8243;][vc_column_text] Katalog [\/vc_column_text][vc_column_text]Nedan kan du h\u00e4mta v\u00e5r [&hellip;]<\/p>\n","protected":false},"author":1,"featured_media":0,"parent":0,"menu_order":0,"comment_status":"closed","ping_status":"closed","template":"","meta":{"_acf_changed":false,"footnotes":""},"class_list":["post-817","page","type-page","status-publish","hentry"],"blocksy_meta":{"styles_descriptor":{"styles":{"desktop":"","tablet":"","mobile":""},"google_fonts":[],"version":6}},"acf":[],"brizy_media":[],"_links":{"self":[{"href":"https:\/\/poulin-design.dk\/sv\/wp-json\/wp\/v2\/pages\/817","targetHints":{"allow":["GET"]}}],"collection":[{"href":"https:\/\/poulin-design.dk\/sv\/wp-json\/wp\/v2\/pages"}],"about":[{"href":"https:\/\/poulin-design.dk\/sv\/wp-json\/wp\/v2\/types\/page"}],"author":[{"embeddable":true,"href":"https:\/\/poulin-design.dk\/sv\/wp-json\/wp\/v2\/users\/1"}],"replies":[{"embeddable":true,"href":"https:\/\/poulin-design.dk\/sv\/wp-json\/wp\/v2\/comments?post=817"}],"version-history":[{"count":0,"href":"https:\/\/poulin-design.dk\/sv\/wp-json\/wp\/v2\/pages\/817\/revisions"}],"wp:attachment":[{"href":"https:\/\/poulin-design.dk\/sv\/wp-json\/wp\/v2\/media?parent=817"}],"curies":[{"name":"wp","href":"https:\/\/api.w.org\/{rel}","templated":true}]}}