{"id":821,"date":"2016-12-14T07:33:44","date_gmt":"2016-12-14T07:33:44","guid":{"rendered":"http:\/\/poulin-design.dk\/?page_id=821"},"modified":"2021-03-25T09:12:23","modified_gmt":"2021-03-25T09:12:23","slug":"forhandlere","status":"publish","type":"page","link":"https:\/\/poulin-design.dk\/sv\/forhandlere\/","title":{"rendered":"\u00c5terf\u00f6rs\u00e4ljare"},"content":{"rendered":"<p>[vc_row][vc_column][vc_column_text]<\/p>\n<h1>\u00c5terf\u00f6rs\u00e4ljare<\/h1>\n<p>Nedan kan du se alla v\u00e5ra \u00e5terf\u00f6rs\u00e4ljare:[\/vc_column_text][\/vc_column][\/vc_row][vc_row][vc_column width=&#8221;1\/4&#8243;][vc_single_image image=&#8221;3128&#8243; img_size=&#8221;92&#215;65&#8243; onclick=&#8221;custom_link&#8221; css=&#8221;.vc_custom_1571120139118{margin-bottom: 10px !important;}&#8221; link=&#8221;http:\/\/www.artilleriet.se&#8221;][vc_column_text]<strong>ARTILLERIET<\/strong><br \/>\nMagasinsgatan 19<br \/>\n411 18 G\u00f6teborg<br \/>\n+46 31 711 76 21[\/vc_column_text][\/vc_column][vc_column width=&#8221;1\/4&#8243;][vc_single_image image=&#8221;1510&#8243; img_size=&#8221;92&#215;65&#8243; onclick=&#8221;custom_link&#8221; css=&#8221;.vc_custom_1488137539164{margin-bottom: 10px !important;}&#8221; link=&#8221;http:\/\/www.fabform.se&#8221;][vc_column_text]<strong>FAB FORM<\/strong><br \/>\nDrottninggatan 11<br \/>\n25221 Helsingborg<br \/>\n+46 042-13 32 00[\/vc_column_text][\/vc_column][vc_column width=&#8221;1\/4&#8243;][vc_single_image image=&#8221;4495&#8243; img_size=&#8221;334&#215;65&#8243; onclick=&#8221;custom_link&#8221; css=&#8221;.vc_custom_1616663535633{margin-bottom: 10px !important;}&#8221; link=&#8221;https:\/\/www.lannamobler.se&#8221;][vc_column_text]<strong>L\u00c4NNA M\u00d6BLER<\/strong><br \/>\nGamla Nyn\u00e4sv\u00e4gen 606<br \/>\n142 51 Skog\u00e5s<br \/>\n+46 08-771 14 00 [\/vc_column_text][\/vc_column][vc_column width=&#8221;1\/4&#8243;][\/vc_column][\/vc_row]<\/p>\n","protected":false},"excerpt":{"rendered":"<p>[vc_row][vc_column][vc_column_text] \u00c5terf\u00f6rs\u00e4ljare Nedan kan du se alla v\u00e5ra \u00e5terf\u00f6rs\u00e4ljare:[\/vc_column_text][\/vc_column][\/vc_row][vc_row][vc_column width=&#8221;1\/4&#8243;][vc_single_image image=&#8221;3128&#8243; img_size=&#8221;92&#215;65&#8243; onclick=&#8221;custom_link&#8221; css=&#8221;.vc_custom_1571120139118{margin-bottom: 10px !important;}&#8221; link=&#8221;http:\/\/www.artilleriet.se&#8221;][vc_column_text]ARTILLERIET Magasinsgatan 19 411 18 G\u00f6teborg +46 31 711 76 21[\/vc_column_text][\/vc_column][vc_column width=&#8221;1\/4&#8243;][vc_single_image image=&#8221;1510&#8243; img_size=&#8221;92&#215;65&#8243; onclick=&#8221;custom_link&#8221; css=&#8221;.vc_custom_1488137539164{margin-bottom: 10px !important;}&#8221; link=&#8221;http:\/\/www.fabform.se&#8221;][vc_column_text]FAB FORM Drottninggatan 11 25221 Helsingborg +46 042-13 32 00[\/vc_column_text][\/vc_column][vc_column width=&#8221;1\/4&#8243;][vc_single_image image=&#8221;4495&#8243; img_size=&#8221;334&#215;65&#8243; onclick=&#8221;custom_link&#8221; css=&#8221;.vc_custom_1616663535633{margin-bottom: 10px !important;}&#8221; link=&#8221;https:\/\/www.lannamobler.se&#8221;][vc_column_text]L\u00c4NNA M\u00d6BLER Gamla Nyn\u00e4sv\u00e4gen [&hellip;]<\/p>\n","protected":false},"author":1,"featured_media":0,"parent":0,"menu_order":0,"comment_status":"closed","ping_status":"closed","template":"","meta":{"_acf_changed":false,"footnotes":""},"class_list":["post-821","page","type-page","status-publish","hentry"],"blocksy_meta":{"styles_descriptor":{"styles":{"desktop":"","tablet":"","mobile":""},"google_fonts":[],"version":6}},"acf":[],"brizy_media":[],"_links":{"self":[{"href":"https:\/\/poulin-design.dk\/sv\/wp-json\/wp\/v2\/pages\/821","targetHints":{"allow":["GET"]}}],"collection":[{"href":"https:\/\/poulin-design.dk\/sv\/wp-json\/wp\/v2\/pages"}],"about":[{"href":"https:\/\/poulin-design.dk\/sv\/wp-json\/wp\/v2\/types\/page"}],"author":[{"embeddable":true,"href":"https:\/\/poulin-design.dk\/sv\/wp-json\/wp\/v2\/users\/1"}],"replies":[{"embeddable":true,"href":"https:\/\/poulin-design.dk\/sv\/wp-json\/wp\/v2\/comments?post=821"}],"version-history":[{"count":0,"href":"https:\/\/poulin-design.dk\/sv\/wp-json\/wp\/v2\/pages\/821\/revisions"}],"wp:attachment":[{"href":"https:\/\/poulin-design.dk\/sv\/wp-json\/wp\/v2\/media?parent=821"}],"curies":[{"name":"wp","href":"https:\/\/api.w.org\/{rel}","templated":true}]}}