{"id":846,"date":"2016-12-14T07:50:15","date_gmt":"2016-12-14T07:50:15","guid":{"rendered":"http:\/\/poulin-design.dk\/?page_id=846"},"modified":"2016-12-14T07:50:15","modified_gmt":"2016-12-14T07:50:15","slug":"handelsbetingelser","status":"publish","type":"page","link":"https:\/\/poulin-design.dk\/sv\/handelsbetingelser\/","title":{"rendered":"Handelsbetingelser"},"content":{"rendered":"<p><strong>Allm\u00e4n information<\/strong><\/p>\n<p>Poulin Holding ApS<br \/>\nFjordvej 106<br \/>\nDK-6000 Kolding<\/p>\n<p>Org.nr: 15483105<\/p>\n<p>E-postadress: jorn.poulin@live.dk<br \/>\nTelefonnummer +45 40514886<\/p>\n<p>Registrerings\u00e5r: 1991<\/p>\n<p><strong>Betalning<br \/>\n<\/strong>Du kan betala med Visa, Mastercard, Maestro och Mobile Pay<\/p>\n<p><strong>Leverans<br \/>\n<\/strong>Leveranstiden f\u00f6r varan \u2013 leverans n\u00e4sta dag av alla lagervaror.<br \/>\nGratis leverans av alla best\u00e4llningar.<\/p>\n<p><strong>Om du \u00e5ngrar ditt k\u00f6p (\u00e5ngerr\u00e4tt)<br \/>\n<\/strong>Du har 14 dagars \u00e5ngerr\u00e4tt n\u00e4r du handlar hos oss.<br \/>\n\u00c5ngerfristen l\u00f6per ut 14 dagar efter dagen d\u00e5 du mottog dina varor.<br \/>\nDu m\u00e5ste informera oss om att du \u00e5ngrar ditt k\u00f6p inom 14 dagar efter mottagandet. Meddelandet ska skickas per mejl till jorn.poulin@live.dk. I ditt meddelande ska du tydligt informera oss om att du vill utnyttja din \u00e5ngerr\u00e4tt.<br \/>\nDu kan inte \u00e5ngra ditt k\u00f6p genom att enbart neka att ta emot leveransen utan m\u00e5ste f\u00f6rst informera oss tydligt om detta.<\/p>\n<p><strong>Retur<br \/>\n<\/strong>Du ska skicka tillbaka dina best\u00e4llda varor till oss utan osk\u00e4ligt dr\u00f6jsm\u00e5l och senast 14 dagar efter att du har meddelat oss att du \u00e5ngrar ditt k\u00f6p. Du \u00e4r skyldig att betala returfrakten.<br \/>\nVid retur ansvarar du f\u00f6r att varan \u00e4r v\u00e4l f\u00f6rpackad i l\u00e4mpligt ytteremballage.<br \/>\nDu st\u00e5r f\u00f6r risken f\u00f6r varan fr.o.m. tidpunkten f\u00f6r leveransen av varan.<br \/>\nKostnaden f\u00f6r retur ber\u00e4knas uppg\u00e5 till h\u00f6gst 100 DKK.<\/p>\n<p><strong>\u00c5ngerr\u00e4tten upph\u00f6r att g\u00e4lla<br \/>\n<\/strong>Du ansvarar endast f\u00f6r en eventuell f\u00f6rs\u00e4mring av varans v\u00e4rde som beror p\u00e5 annan hantering \u00e4n som kr\u00e4vs f\u00f6r att fastst\u00e4lla varans typ, egenskaper och funktionss\u00e4tt. Med andra ord \u2013 du kan prova varan p\u00e5 samma s\u00e4tt som du skulle g\u00f6ra i en vanlig butik.<br \/>\nOm varan har provats mer \u00e4n som anges ovan anser vi att varan har anv\u00e4nts, vilket inneb\u00e4r att om du \u00e5ngrar k\u00f6pet f\u00e5r du bara en del eller inget av k\u00f6pesumman tillbaka, beroende p\u00e5 varans handelsv\u00e4rde.<br \/>\nF\u00f6r att f\u00e5 tillbaka hela k\u00f6pesumman f\u00e5r du allts\u00e5 endast g\u00f6ra samma sak som du skulle f\u00e5 i en vanlig butik. Du f\u00e5r prova varan, men inte anv\u00e4nda den.<\/p>\n<p><strong>\u00c5terbetalning av k\u00f6pesumman<br \/>\n<\/strong>Om du \u00e5ngrar ditt k\u00f6p f\u00e5r du naturligtvis tillbaka beloppet som du har betalt till oss. I h\u00e4ndelse av en v\u00e4rdef\u00f6rs\u00e4mring, som du ansvarar f\u00f6r, dras detta belopp av fr\u00e5n k\u00f6pesumman.<br \/>\nOm du utnyttjar din \u00e5ngerr\u00e4tt \u00e5terbetalar vi hela summan som vi mottagit fr\u00e5n dig utan osk\u00e4ligt dr\u00f6jsm\u00e5l och under alla omst\u00e4ndigheter senast 14 dagar fr.o.m. dagen d\u00e5 vi mottagit ditt meddelande om att du \u00e5ngrar k\u00f6pet. \u00c5terbetalningen sker med samma betalningsmedel som du anv\u00e4nde vid k\u00f6pet, s\u00e5vida inget annat har avtalats.<br \/>\nVi kan h\u00e5lla inne \u00e5terbetalningen tills vi har mottagit returvaran, s\u00e5vida inte du innan dess har uppvisat dokumentation av returf\u00f6rs\u00e4ndelsen.<\/p>\n<p><strong>Om du \u00e5ngrar ditt k\u00f6p ska varan skickas till:<br \/>\n<\/strong>JMC A\/S<br \/>\nAtt. Poulin Design<br \/>\nL\u00f8kkensvej 126<br \/>\nDK-9800 Hj\u00f8rring<\/p>\n<p><strong>Vad ska ing\u00e5 i returf\u00f6rs\u00e4ndelsen?<br \/>\n<\/strong>Du ska bifoga en kopia av orderbekr\u00e4ftelsen.<br \/>\nObs! Vi tar inte emot paket som skickas mot postf\u00f6rskott.<\/p>\n<p><strong>Om varan \u00e4r defekt (reklamationsr\u00e4tt)<br \/>\n<\/strong>Vid k\u00f6p av varor kan k\u00f6plagens regler vid defekta varor till\u00e4mpas.<br \/>\nN\u00e4r du handlar p\u00e5 poulin-design.dk har du givetvis 24 m\u00e5naders reklamationsr\u00e4tt. Det inneb\u00e4r att varan antingen repareras, byts ut, pengarna \u00e5terbetalas eller ekonomisk kompensation erbjuds, beroende p\u00e5 den konkreta situationen.<br \/>\nDet \u00e4r givetvis ett krav att reklamationen \u00e4r ber\u00e4ttigad och att defekten inte har uppst\u00e5tt till f\u00f6ljd av felaktig anv\u00e4ndning av varan eller annan skadeorsakande hantering.<\/p>\n<p><strong>N\u00e4r ska jag reklamera?<\/strong><\/p>\n<p>Du m\u00e5ste reklamera inom \u201dsk\u00e4lig tid\u201d efter att du har uppt\u00e4ckt varans defekt. Om du reklamerar inom tv\u00e5 m\u00e5nader efter att du uppt\u00e4ckt defekten anses reklamationen ha gjorts inom sk\u00e4lig tid.<\/p>\n<p>Om reklamationen \u00e4r ber\u00e4ttigad \u00e5terbetalar vi givetvis dina (rimliga) fraktkostnader.<br \/>\nVaran skickas till:<br \/>\nJMC A\/S<br \/>\nAtt. Poulin Design<br \/>\nL\u00f8kkensvej 126<br \/>\nDK-9800 Hj\u00f8rring<br \/>\nN\u00e4r du skickar tillbaka varan ber vi dig beskriva problemet s\u00e5 detaljerat som m\u00f6jligt.<br \/>\nObs! Vi tar inte emot paket som skickas mot postf\u00f6rskott eller liknande.<br \/>\nObservera att varan alltid ska skickas tillbaka v\u00e4l f\u00f6rpackad i l\u00e4mpligt ytteremballage och kom ih\u00e5g att f\u00e5 ett kvitto p\u00e5 f\u00f6rs\u00e4ndelsen s\u00e5 att vi kan betala tillbaka dina fraktkostnader.<\/p>\n<p><strong>S\u00e5 behandlar vi dina personuppgifter (personuppgiftspolicy)<br \/>\n<\/strong>F\u00f6r att du ska kunna handla hos oss beh\u00f6ver vi f\u00f6ljande uppgifter:<br \/>\nNamn<br \/>\nAdress<br \/>\nPostnummer<br \/>\nOrt<br \/>\nTelefonnummer<br \/>\nE-postadress:<br \/>\nVi registrerar dina personuppgifter f\u00f6r att kunna leverera varan till dig.<br \/>\nPersonuppgifterna registreras hos Poulin Holding ApS.<br \/>\nN\u00e4r vi samlar in personuppgifter via v\u00e5r webbplats f\u00f6rs\u00e4krar vi oss om att det endast sker efter att du har l\u00e4mnat ditt uttryckliga samtycke, s\u00e5 att du vet exakt vilka uppgifter som samlas in och varf\u00f6r.<\/p>\n","protected":false},"excerpt":{"rendered":"<p>Allm\u00e4n information Poulin Holding ApS Fjordvej 106 DK-6000 Kolding Org.nr: 15483105 E-postadress: jorn.poulin@live.dk Telefonnummer +45 40514886 Registrerings\u00e5r: 1991 Betalning Du kan betala med Visa, Mastercard, Maestro och Mobile Pay Leverans Leveranstiden f\u00f6r varan \u2013 leverans n\u00e4sta dag av alla lagervaror. Gratis leverans av alla best\u00e4llningar. Om du \u00e5ngrar ditt k\u00f6p (\u00e5ngerr\u00e4tt) Du har 14 dagars [&hellip;]<\/p>\n","protected":false},"author":1,"featured_media":0,"parent":0,"menu_order":0,"comment_status":"closed","ping_status":"closed","template":"","meta":{"_acf_changed":false,"footnotes":""},"class_list":["post-846","page","type-page","status-publish","hentry"],"blocksy_meta":{"styles_descriptor":{"styles":{"desktop":"","tablet":"","mobile":""},"google_fonts":[],"version":6}},"acf":[],"brizy_media":[],"_links":{"self":[{"href":"https:\/\/poulin-design.dk\/sv\/wp-json\/wp\/v2\/pages\/846","targetHints":{"allow":["GET"]}}],"collection":[{"href":"https:\/\/poulin-design.dk\/sv\/wp-json\/wp\/v2\/pages"}],"about":[{"href":"https:\/\/poulin-design.dk\/sv\/wp-json\/wp\/v2\/types\/page"}],"author":[{"embeddable":true,"href":"https:\/\/poulin-design.dk\/sv\/wp-json\/wp\/v2\/users\/1"}],"replies":[{"embeddable":true,"href":"https:\/\/poulin-design.dk\/sv\/wp-json\/wp\/v2\/comments?post=846"}],"version-history":[{"count":0,"href":"https:\/\/poulin-design.dk\/sv\/wp-json\/wp\/v2\/pages\/846\/revisions"}],"wp:attachment":[{"href":"https:\/\/poulin-design.dk\/sv\/wp-json\/wp\/v2\/media?parent=846"}],"curies":[{"name":"wp","href":"https:\/\/api.w.org\/{rel}","templated":true}]}}